{"id":358,"date":"2026-01-07T22:39:15","date_gmt":"2026-01-07T21:39:15","guid":{"rendered":"https:\/\/ikaainnaa.pl\/?page_id=358"},"modified":"2026-01-07T22:39:59","modified_gmt":"2026-01-07T21:39:59","slug":"polityka-prywatnosci-2","status":"publish","type":"page","link":"https:\/\/ikaainnaa.pl\/?page_id=358","title":{"rendered":"Polityka prywatno\u015bci"},"content":{"rendered":"\t\t<div data-elementor-type=\"wp-page\" data-elementor-id=\"358\" class=\"elementor elementor-358\" data-elementor-post-type=\"page\">\n\t\t\t\t<div class=\"elementor-element elementor-element-59a486f e-flex e-con-boxed e-con e-parent\" data-id=\"59a486f\" data-element_type=\"container\">\n\t\t\t\t\t<div class=\"e-con-inner\">\n\t\t\t\t<div class=\"elementor-element elementor-element-62f2abc elementor-widget elementor-widget-text-editor\" data-id=\"62f2abc\" data-element_type=\"widget\" data-widget_type=\"text-editor.default\">\n\t\t\t\t<div class=\"elementor-widget-container\">\n\t\t\t\t\t\t\t\t\t<h1 data-start=\"186\" data-end=\"212\">&nbsp;<\/h1>\n<h2 data-start=\"214\" data-end=\"237\">1. Informacje og\u00f3lne<\/h2>\n<ol data-start=\"238\" data-end=\"668\">\n<li data-start=\"238\" data-end=\"351\">\n<p data-start=\"241\" data-end=\"351\">Niniejsza Polityka Prywatno\u015bci okre\u015bla zasady przetwarzania danych osobowych u\u017cytkownik\u00f3w strony internetowej.<\/p>\n<\/li>\n<li data-start=\"352\" data-end=\"505\">\n<p data-start=\"355\" data-end=\"505\">Administratorem danych osobowych jest:<br data-start=\"393\" data-end=\"396\"><strong data-start=\"396\" data-end=\"418\">Justyna Brzezi\u0144ska<\/strong><br data-start=\"418\" data-end=\"421\">adres e-mail: <b>ikaainnaa@gmail.com<\/b><\/p>\n<\/li>\n<li data-start=\"506\" data-end=\"668\">\n<p data-start=\"509\" data-end=\"668\">Dane osobowe przetwarzane s\u0105 zgodnie z obowi\u0105zuj\u0105cymi przepisami prawa, w szczeg\u00f3lno\u015bci z Rozporz\u0105dzeniem Parlamentu Europejskiego i Rady (UE) 2016\/679 (RODO).<\/p>\n<\/li>\n<\/ol>\n<hr data-start=\"670\" data-end=\"673\">\n<h2 data-start=\"675\" data-end=\"705\">2. Zakres zbieranych danych<\/h2>\n<p data-start=\"706\" data-end=\"762\">Administrator mo\u017ce przetwarza\u0107 nast\u0119puj\u0105ce dane osobowe:<\/p>\n<ul data-start=\"763\" data-end=\"912\">\n<li data-start=\"763\" data-end=\"781\">\n<p data-start=\"765\" data-end=\"781\">imi\u0119 i nazwisko,<\/p>\n<\/li>\n<li data-start=\"782\" data-end=\"797\">\n<p data-start=\"784\" data-end=\"797\">adres e-mail,<\/p>\n<\/li>\n<li data-start=\"798\" data-end=\"839\">\n<p data-start=\"800\" data-end=\"839\">dane niezb\u0119dne do realizacji p\u0142atno\u015bci,<\/p>\n<\/li>\n<li data-start=\"840\" data-end=\"851\">\n<p data-start=\"842\" data-end=\"851\">adres IP,<\/p>\n<\/li>\n<li data-start=\"852\" data-end=\"912\">\n<p data-start=\"854\" data-end=\"912\">dane zawarte w formularzach kontaktowych lub zam\u00f3wieniach.<\/p>\n<\/li>\n<\/ul>\n<p data-start=\"914\" data-end=\"981\">Podanie danych jest dobrowolne, lecz niezb\u0119dne do realizacji us\u0142ug.<\/p>\n<hr data-start=\"983\" data-end=\"986\">\n<h2 data-start=\"988\" data-end=\"1019\">3. Cele przetwarzania danych<\/h2>\n<p data-start=\"1020\" data-end=\"1056\">Dane osobowe przetwarzane s\u0105 w celu:<\/p>\n<ul data-start=\"1057\" data-end=\"1269\">\n<li data-start=\"1057\" data-end=\"1118\">\n<p data-start=\"1059\" data-end=\"1118\">realizacji zam\u00f3wie\u0144 (sprzeda\u017c tre\u015bci cyfrowych \u2013 e-book\u00f3w),<\/p>\n<\/li>\n<li data-start=\"1119\" data-end=\"1146\">\n<p data-start=\"1121\" data-end=\"1146\">obs\u0142ugi p\u0142atno\u015bci online,<\/p>\n<\/li>\n<li data-start=\"1147\" data-end=\"1174\">\n<p data-start=\"1149\" data-end=\"1174\">kontaktu z u\u017cytkownikiem,<\/p>\n<\/li>\n<li data-start=\"1175\" data-end=\"1224\">\n<p data-start=\"1177\" data-end=\"1224\">realizacji obowi\u0105zk\u00f3w ksi\u0119gowych i podatkowych,<\/p>\n<\/li>\n<li data-start=\"1225\" data-end=\"1269\">\n<p data-start=\"1227\" data-end=\"1269\">zapewnienia prawid\u0142owego dzia\u0142ania strony.<\/p>\n<\/li>\n<\/ul>\n<hr data-start=\"1271\" data-end=\"1274\">\n<h2 data-start=\"1276\" data-end=\"1311\">4. Podstawy prawne przetwarzania<\/h2>\n<p data-start=\"1312\" data-end=\"1354\">Dane osobowe przetwarzane s\u0105 na podstawie:<\/p>\n<ul data-start=\"1355\" data-end=\"1524\">\n<li data-start=\"1355\" data-end=\"1402\">\n<p data-start=\"1357\" data-end=\"1402\">art. 6 ust. 1 lit. b RODO \u2013 realizacja umowy,<\/p>\n<\/li>\n<li data-start=\"1403\" data-end=\"1450\">\n<p data-start=\"1405\" data-end=\"1450\">art. 6 ust. 1 lit. c RODO \u2013 obowi\u0105zki prawne,<\/p>\n<\/li>\n<li data-start=\"1451\" data-end=\"1524\">\n<p data-start=\"1453\" data-end=\"1524\">art. 6 ust. 1 lit. f RODO \u2013 prawnie uzasadniony interes administratora.<\/p>\n<\/li>\n<\/ul>\n<hr data-start=\"1526\" data-end=\"1529\">\n<h2 data-start=\"1531\" data-end=\"1552\">5. Odbiorcy danych<\/h2>\n<p data-start=\"1553\" data-end=\"1675\">Dane osobowe mog\u0105 by\u0107 przekazywane podmiotom trzecim wy\u0142\u0105cznie w zakresie niezb\u0119dnym do realizacji us\u0142ug, w szczeg\u00f3lno\u015bci:<\/p>\n<ul data-start=\"1676\" data-end=\"1794\">\n<li data-start=\"1676\" data-end=\"1717\">\n<p data-start=\"1678\" data-end=\"1717\">operatorowi p\u0142atno\u015bci <strong data-start=\"1700\" data-end=\"1716\">Autopay S.A.<\/strong>,<\/p>\n<\/li>\n<li data-start=\"1718\" data-end=\"1759\">\n<p data-start=\"1720\" data-end=\"1759\">firmie hostingowej obs\u0142uguj\u0105cej stron\u0119,<\/p>\n<\/li>\n<li data-start=\"1760\" data-end=\"1794\">\n<p data-start=\"1762\" data-end=\"1794\">dostawcom us\u0142ug IT i ksi\u0119gowych.<\/p>\n<\/li>\n<\/ul>\n<p data-start=\"1796\" data-end=\"1842\">Dane nie s\u0105 przekazywane poza Uni\u0119 Europejsk\u0105.<\/p>\n<hr data-start=\"1844\" data-end=\"1847\">\n<h2 data-start=\"1849\" data-end=\"1882\">6. Okres przechowywania danych<\/h2>\n<p data-start=\"1883\" data-end=\"1913\">Dane osobowe przechowywane s\u0105:<\/p>\n<ul data-start=\"1914\" data-end=\"2064\">\n<li data-start=\"1914\" data-end=\"1941\">\n<p data-start=\"1916\" data-end=\"1941\">przez czas trwania umowy,<\/p>\n<\/li>\n<li data-start=\"1942\" data-end=\"1999\">\n<p data-start=\"1944\" data-end=\"1999\">przez okres wymagany przepisami prawa (np. ksi\u0119gowo\u015b\u0107),<\/p>\n<\/li>\n<li data-start=\"2000\" data-end=\"2064\">\n<p data-start=\"2002\" data-end=\"2064\">do momentu cofni\u0119cia zgody, je\u015bli by\u0142a podstaw\u0105 przetwarzania.<\/p>\n<\/li>\n<\/ul>\n<hr data-start=\"2066\" data-end=\"2069\">\n<h2 data-start=\"2071\" data-end=\"2094\">7. Prawa u\u017cytkownika<\/h2>\n<p data-start=\"2095\" data-end=\"2118\">U\u017cytkownik ma prawo do:<\/p>\n<ul data-start=\"2119\" data-end=\"2349\">\n<li data-start=\"2119\" data-end=\"2146\">\n<p data-start=\"2121\" data-end=\"2146\">dost\u0119pu do swoich danych,<\/p>\n<\/li>\n<li data-start=\"2147\" data-end=\"2166\">\n<p data-start=\"2149\" data-end=\"2166\">ich sprostowania,<\/p>\n<\/li>\n<li data-start=\"2167\" data-end=\"2210\">\n<p data-start=\"2169\" data-end=\"2210\">usuni\u0119cia (\u201eprawo do bycia zapomnianym\u201d),<\/p>\n<\/li>\n<li data-start=\"2211\" data-end=\"2240\">\n<p data-start=\"2213\" data-end=\"2240\">ograniczenia przetwarzania,<\/p>\n<\/li>\n<li data-start=\"2241\" data-end=\"2263\">\n<p data-start=\"2243\" data-end=\"2263\">przenoszenia danych,<\/p>\n<\/li>\n<li data-start=\"2264\" data-end=\"2287\">\n<p data-start=\"2266\" data-end=\"2287\">wniesienia sprzeciwu,<\/p>\n<\/li>\n<li data-start=\"2288\" data-end=\"2349\">\n<p data-start=\"2290\" data-end=\"2349\">z\u0142o\u017cenia skargi do Prezesa Urz\u0119du Ochrony Danych Osobowych.<\/p>\n<\/li>\n<\/ul>\n<hr data-start=\"2351\" data-end=\"2354\">\n<h2 data-start=\"2356\" data-end=\"2375\">8. Pliki cookies<\/h2>\n<ol data-start=\"2376\" data-end=\"2645\">\n<li data-start=\"2376\" data-end=\"2478\">\n<p data-start=\"2379\" data-end=\"2478\">Strona wykorzystuje pliki cookies w celu zapewnienia prawid\u0142owego dzia\u0142ania oraz analizy statystyk.<\/p>\n<\/li>\n<li data-start=\"2479\" data-end=\"2561\">\n<p data-start=\"2482\" data-end=\"2561\">U\u017cytkownik mo\u017ce samodzielnie zarz\u0105dza\u0107 cookies poprzez ustawienia przegl\u0105darki.<\/p>\n<\/li>\n<li data-start=\"2562\" data-end=\"2645\">\n<p data-start=\"2565\" data-end=\"2645\">Ograniczenie stosowania cookies mo\u017ce wp\u0142yn\u0105\u0107 na niekt\u00f3re funkcjonalno\u015bci strony.<\/p>\n<\/li>\n<\/ol>\n<hr data-start=\"2647\" data-end=\"2650\">\n<h2 data-start=\"2652\" data-end=\"2679\">9. Zabezpieczenia danych<\/h2>\n<p data-start=\"2680\" data-end=\"2854\">Administrator stosuje odpowiednie \u015brodki techniczne i organizacyjne w celu ochrony danych osobowych przed utrat\u0105, dost\u0119pem os\u00f3b nieuprawnionych lub nieuprawnion\u0105 modyfikacj\u0105.<\/p>\n<hr data-start=\"2856\" data-end=\"2859\">\n<h2 data-start=\"2861\" data-end=\"2889\">10. Postanowienia ko\u0144cowe<\/h2>\n<ol data-start=\"2890\" data-end=\"3115\">\n<li data-start=\"2890\" data-end=\"2970\">\n<p data-start=\"2893\" data-end=\"2970\">Administrator zastrzega sobie prawo do zmian niniejszej Polityki Prywatno\u015bci.<\/p>\n<\/li>\n<li data-start=\"2971\" data-end=\"3056\">\n<p data-start=\"2974\" data-end=\"3056\">Aktualna wersja Polityki Prywatno\u015bci jest zawsze dost\u0119pna na stronie internetowej.<\/p>\n<\/li>\n<li data-start=\"3057\" data-end=\"3115\">\n<p data-start=\"3060\" data-end=\"3115\">Polityka Prywatno\u015bci obowi\u0105zuje od dnia jej publikacji.<\/p>\n<\/li>\n<\/ol>\t\t\t\t\t\t\t\t<\/div>\n\t\t\t\t<\/div>\n\t\t\t\t\t<\/div>\n\t\t\t\t<\/div>\n\t\t\t\t<\/div>\n\t\t","protected":false},"excerpt":{"rendered":"<p>&nbsp; 1. Informacje og\u00f3lne Niniejsza Polityka Prywatno\u015bci okre\u015bla zasady przetwarzania danych osobowych u\u017cytkownik\u00f3w strony internetowej. Administratorem danych osobowych jest:Justyna Brzezi\u0144skaadres e-mail: ikaainnaa@gmail.com Dane osobowe przetwarzane s\u0105 zgodnie z obowi\u0105zuj\u0105cymi przepisami prawa, w szczeg\u00f3lno\u015bci z Rozporz\u0105dzeniem Parlamentu Europejskiego i Rady (UE) 2016\/679 (RODO). 2. Zakres zbieranych danych Administrator mo\u017ce przetwarza\u0107 nast\u0119puj\u0105ce dane osobowe: imi\u0119 i nazwisko, [&hellip;]<\/p>\n","protected":false},"author":1,"featured_media":0,"parent":0,"menu_order":0,"comment_status":"closed","ping_status":"closed","template":"","meta":{"footnotes":""},"class_list":["post-358","page","type-page","status-publish","hentry"],"jetpack_sharing_enabled":true,"_links":{"self":[{"href":"https:\/\/ikaainnaa.pl\/index.php?rest_route=\/wp\/v2\/pages\/358","targetHints":{"allow":["GET"]}}],"collection":[{"href":"https:\/\/ikaainnaa.pl\/index.php?rest_route=\/wp\/v2\/pages"}],"about":[{"href":"https:\/\/ikaainnaa.pl\/index.php?rest_route=\/wp\/v2\/types\/page"}],"author":[{"embeddable":true,"href":"https:\/\/ikaainnaa.pl\/index.php?rest_route=\/wp\/v2\/users\/1"}],"replies":[{"embeddable":true,"href":"https:\/\/ikaainnaa.pl\/index.php?rest_route=%2Fwp%2Fv2%2Fcomments&post=358"}],"version-history":[{"count":4,"href":"https:\/\/ikaainnaa.pl\/index.php?rest_route=\/wp\/v2\/pages\/358\/revisions"}],"predecessor-version":[{"id":364,"href":"https:\/\/ikaainnaa.pl\/index.php?rest_route=\/wp\/v2\/pages\/358\/revisions\/364"}],"wp:attachment":[{"href":"https:\/\/ikaainnaa.pl\/index.php?rest_route=%2Fwp%2Fv2%2Fmedia&parent=358"}],"curies":[{"name":"wp","href":"https:\/\/api.w.org\/{rel}","templated":true}]}}