{"id":111,"date":"2025-04-22T14:24:11","date_gmt":"2025-04-22T12:24:11","guid":{"rendered":"https:\/\/ikaainnaa.pl\/?page_id=111"},"modified":"2026-01-07T23:52:57","modified_gmt":"2026-01-07T22:52:57","slug":"o-mnie-2","status":"publish","type":"page","link":"https:\/\/ikaainnaa.pl\/?page_id=111","title":{"rendered":"O mnie"},"content":{"rendered":"\t\t<div data-elementor-type=\"wp-page\" data-elementor-id=\"111\" class=\"elementor elementor-111\" data-elementor-post-type=\"page\">\n\t\t\t\t<div class=\"elementor-element elementor-element-5285d50 e-flex e-con-boxed e-con e-parent\" data-id=\"5285d50\" data-element_type=\"container\">\n\t\t\t\t\t<div class=\"e-con-inner\">\n\t\t\t\t<div class=\"elementor-element elementor-element-bab84e4 elementor-nav-menu--dropdown-tablet elementor-nav-menu__text-align-aside elementor-nav-menu--toggle elementor-nav-menu--burger elementor-widget elementor-widget-nav-menu\" data-id=\"bab84e4\" data-element_type=\"widget\" data-settings=\"{&quot;layout&quot;:&quot;horizontal&quot;,&quot;submenu_icon&quot;:{&quot;value&quot;:&quot;&lt;svg class=\\&quot;e-font-icon-svg e-fas-caret-down\\&quot; viewBox=\\&quot;0 0 320 512\\&quot; xmlns=\\&quot;http:\\\/\\\/www.w3.org\\\/2000\\\/svg\\&quot;&gt;&lt;path d=\\&quot;M31.3 192h257.3c17.8 0 26.7 21.5 14.1 34.1L174.1 354.8c-7.8 7.8-20.5 7.8-28.3 0L17.2 226.1C4.6 213.5 13.5 192 31.3 192z\\&quot;&gt;&lt;\\\/path&gt;&lt;\\\/svg&gt;&quot;,&quot;library&quot;:&quot;fa-solid&quot;},&quot;toggle&quot;:&quot;burger&quot;}\" data-widget_type=\"nav-menu.default\">\n\t\t\t\t<div class=\"elementor-widget-container\">\n\t\t\t\t\t\t\t\t<nav aria-label=\"Menu\" class=\"elementor-nav-menu--main elementor-nav-menu__container elementor-nav-menu--layout-horizontal e--pointer-underline e--animation-fade\">\n\t\t\t\t<ul id=\"menu-1-bab84e4\" class=\"elementor-nav-menu\"><li class=\"menu-item menu-item-type-post_type menu-item-object-page menu-item-home menu-item-66\"><a href=\"https:\/\/ikaainnaa.pl\/\" class=\"elementor-item\">Strona G\u0142\u00f3wna<\/a><\/li>\n<li class=\"menu-item menu-item-type-post_type menu-item-object-page menu-item-122\"><a href=\"https:\/\/ikaainnaa.pl\/?page_id=111\" class=\"elementor-item\">O mnie<\/a><\/li>\n<li class=\"menu-item menu-item-type-post_type menu-item-object-page menu-item-143\"><a href=\"https:\/\/ikaainnaa.pl\/?page_id=132\" class=\"elementor-item\">Kontakt<\/a><\/li>\n<li class=\"menu-item menu-item-type-post_type menu-item-object-page menu-item-157\"><a href=\"https:\/\/ikaainnaa.pl\/?page_id=151\" class=\"elementor-item\">Sklep<\/a><\/li>\n<li class=\"menu-item menu-item-type-post_type menu-item-object-page menu-item-190\"><a href=\"https:\/\/ikaainnaa.pl\/?page_id=188\" class=\"elementor-item\">Koszyk<\/a><\/li>\n<li class=\"menu-item menu-item-type-post_type menu-item-object-page menu-item-196\"><a href=\"https:\/\/ikaainnaa.pl\/?page_id=194\" class=\"elementor-item\">Moje konto<\/a><\/li>\n<\/ul>\t\t\t<\/nav>\n\t\t\t\t\t<div class=\"elementor-menu-toggle\" role=\"button\" tabindex=\"0\" aria-label=\"Menu Toggle\" aria-expanded=\"false\">\n\t\t\t<svg aria-hidden=\"true\" role=\"presentation\" class=\"elementor-menu-toggle__icon--open e-font-icon-svg e-eicon-menu-bar\" viewBox=\"0 0 1000 1000\" xmlns=\"http:\/\/www.w3.org\/2000\/svg\"><path d=\"M104 333H896C929 333 958 304 958 271S929 208 896 208H104C71 208 42 237 42 271S71 333 104 333ZM104 583H896C929 583 958 554 958 521S929 458 896 458H104C71 458 42 487 42 521S71 583 104 583ZM104 833H896C929 833 958 804 958 771S929 708 896 708H104C71 708 42 737 42 771S71 833 104 833Z\"><\/path><\/svg><svg aria-hidden=\"true\" role=\"presentation\" class=\"elementor-menu-toggle__icon--close e-font-icon-svg e-eicon-close\" viewBox=\"0 0 1000 1000\" xmlns=\"http:\/\/www.w3.org\/2000\/svg\"><path d=\"M742 167L500 408 258 167C246 154 233 150 217 150 196 150 179 158 167 167 154 179 150 196 150 212 150 229 154 242 171 254L408 500 167 742C138 771 138 800 167 829 196 858 225 858 254 829L496 587 738 829C750 842 767 846 783 846 800 846 817 842 829 829 842 817 846 804 846 783 846 767 842 750 829 737L588 500 833 258C863 229 863 200 833 171 804 137 775 137 742 167Z\"><\/path><\/svg>\t\t<\/div>\n\t\t\t\t\t<nav class=\"elementor-nav-menu--dropdown elementor-nav-menu__container\" aria-hidden=\"true\">\n\t\t\t\t<ul id=\"menu-2-bab84e4\" class=\"elementor-nav-menu\"><li class=\"menu-item menu-item-type-post_type menu-item-object-page menu-item-home menu-item-66\"><a href=\"https:\/\/ikaainnaa.pl\/\" class=\"elementor-item\" tabindex=\"-1\">Strona G\u0142\u00f3wna<\/a><\/li>\n<li class=\"menu-item menu-item-type-post_type menu-item-object-page menu-item-122\"><a href=\"https:\/\/ikaainnaa.pl\/?page_id=111\" class=\"elementor-item\" tabindex=\"-1\">O mnie<\/a><\/li>\n<li class=\"menu-item menu-item-type-post_type menu-item-object-page menu-item-143\"><a href=\"https:\/\/ikaainnaa.pl\/?page_id=132\" class=\"elementor-item\" tabindex=\"-1\">Kontakt<\/a><\/li>\n<li class=\"menu-item menu-item-type-post_type menu-item-object-page menu-item-157\"><a href=\"https:\/\/ikaainnaa.pl\/?page_id=151\" class=\"elementor-item\" tabindex=\"-1\">Sklep<\/a><\/li>\n<li class=\"menu-item menu-item-type-post_type menu-item-object-page menu-item-190\"><a href=\"https:\/\/ikaainnaa.pl\/?page_id=188\" class=\"elementor-item\" tabindex=\"-1\">Koszyk<\/a><\/li>\n<li class=\"menu-item menu-item-type-post_type menu-item-object-page menu-item-196\"><a href=\"https:\/\/ikaainnaa.pl\/?page_id=194\" class=\"elementor-item\" tabindex=\"-1\">Moje konto<\/a><\/li>\n<\/ul>\t\t\t<\/nav>\n\t\t\t\t\t\t<\/div>\n\t\t\t\t<\/div>\n\t\t\t\t\t<\/div>\n\t\t\t\t<\/div>\n\t\t<div class=\"elementor-element elementor-element-9b6238e e-flex e-con-boxed e-con e-parent\" data-id=\"9b6238e\" data-element_type=\"container\">\n\t\t\t\t\t<div class=\"e-con-inner\">\n\t\t\t\t<div class=\"elementor-element elementor-element-b6d2412 elementor-widget elementor-widget-image\" data-id=\"b6d2412\" data-element_type=\"widget\" data-widget_type=\"image.default\">\n\t\t\t\t<div class=\"elementor-widget-container\">\n\t\t\t\t\t\t\t\t\t\t\t\t\t\t\t<img fetchpriority=\"high\" decoding=\"async\" width=\"2560\" height=\"1439\" src=\"https:\/\/ikaainnaa.pl\/wp-content\/uploads\/2026\/01\/o-mnie-5-1-scaled.png\" class=\"attachment-full size-full wp-image-402\" alt=\"\" srcset=\"https:\/\/ikaainnaa.pl\/wp-content\/uploads\/2026\/01\/o-mnie-5-1-scaled.png 2560w, https:\/\/ikaainnaa.pl\/wp-content\/uploads\/2026\/01\/o-mnie-5-1-300x169.png 300w, https:\/\/ikaainnaa.pl\/wp-content\/uploads\/2026\/01\/o-mnie-5-1-1024x576.png 1024w, https:\/\/ikaainnaa.pl\/wp-content\/uploads\/2026\/01\/o-mnie-5-1-768x432.png 768w, https:\/\/ikaainnaa.pl\/wp-content\/uploads\/2026\/01\/o-mnie-5-1-1536x864.png 1536w, https:\/\/ikaainnaa.pl\/wp-content\/uploads\/2026\/01\/o-mnie-5-1-2048x1151.png 2048w, https:\/\/ikaainnaa.pl\/wp-content\/uploads\/2026\/01\/o-mnie-5-1-1320x742.png 1320w, https:\/\/ikaainnaa.pl\/wp-content\/uploads\/2026\/01\/o-mnie-5-1-600x337.png 600w\" sizes=\"(max-width: 2560px) 100vw, 2560px\" \/>\t\t\t\t\t\t\t\t\t\t\t\t\t\t\t<\/div>\n\t\t\t\t<\/div>\n\t\t\t\t\t<\/div>\n\t\t\t\t<\/div>\n\t\t<div class=\"elementor-element elementor-element-236ac6e e-flex e-con-boxed e-con e-parent\" data-id=\"236ac6e\" data-element_type=\"container\">\n\t\t\t\t\t<div class=\"e-con-inner\">\n\t\t<div class=\"elementor-element elementor-element-5615fd7 e-con-full e-flex e-con e-child\" data-id=\"5615fd7\" data-element_type=\"container\">\n\t\t\t\t<div class=\"elementor-element elementor-element-a34ef0b elementor-widget elementor-widget-image\" data-id=\"a34ef0b\" data-element_type=\"widget\" data-widget_type=\"image.default\">\n\t\t\t\t<div class=\"elementor-widget-container\">\n\t\t\t\t\t\t\t\t\t\t\t\t\t\t\t<img decoding=\"async\" width=\"1282\" height=\"1920\" src=\"https:\/\/ikaainnaa.pl\/wp-content\/uploads\/2025\/04\/IMG_3898-scaled.webp\" class=\"attachment-full size-full wp-image-116\" alt=\"\" srcset=\"https:\/\/ikaainnaa.pl\/wp-content\/uploads\/2025\/04\/IMG_3898-scaled.webp 1282w, https:\/\/ikaainnaa.pl\/wp-content\/uploads\/2025\/04\/IMG_3898-scaled-600x899.webp 600w, https:\/\/ikaainnaa.pl\/wp-content\/uploads\/2025\/04\/IMG_3898-200x300.webp 200w, https:\/\/ikaainnaa.pl\/wp-content\/uploads\/2025\/04\/IMG_3898-684x1024.webp 684w, https:\/\/ikaainnaa.pl\/wp-content\/uploads\/2025\/04\/IMG_3898-768x1150.webp 768w, https:\/\/ikaainnaa.pl\/wp-content\/uploads\/2025\/04\/IMG_3898-1025x1536.webp 1025w\" sizes=\"(max-width: 1282px) 100vw, 1282px\" \/>\t\t\t\t\t\t\t\t\t\t\t\t\t\t\t<\/div>\n\t\t\t\t<\/div>\n\t\t\t\t<\/div>\n\t\t<div class=\"elementor-element elementor-element-0631f4e e-con-full e-flex e-con e-child\" data-id=\"0631f4e\" data-element_type=\"container\">\n\t\t\t\t<div class=\"elementor-element elementor-element-7027884 elementor-widget elementor-widget-text-editor\" data-id=\"7027884\" data-element_type=\"widget\" data-widget_type=\"text-editor.default\">\n\t\t\t\t<div class=\"elementor-widget-container\">\n\t\t\t\t\t\t\t\t\t<p data-start=\"351\" data-end=\"510\">\u00a0<\/p><p class=\"\" data-start=\"351\" data-end=\"510\"><span style=\"font-size: 1rem;\">Moja droga nie by\u0142a prosta. Przez lata traktowa\u0142am cia\u0142o jak projekt do udoskonalenia. <\/span>Zna\u0142am dyscyplin\u0119, zna\u0142am presj\u0119. Wiedzia\u0142am, jak \u201etrzyma\u0107 form\u0119\u201d \u2013 ale nie wiedzia\u0142am, jak si\u0119 z sob\u0105 naprawd\u0119 zaprzyja\u017ani\u0107.<\/p><p class=\"\" data-start=\"728\" data-end=\"877\">Dzi\u015b wszystko, co robi\u0119, p\u0142ynie z innego miejsca.<br data-start=\"777\" data-end=\"780\" \/>Nie z potrzeby kontroli \u2013 ale z czu\u0142o\u015bci.<br data-start=\"821\" data-end=\"824\" \/>Nie z presji \u2013 ale z pragnienia prawdziwej obecno\u015bci.<\/p><h3 class=\"\" data-start=\"879\" data-end=\"895\">\ud83c\udf3f Co robi\u0119?<\/h3><p class=\"\" data-start=\"897\" data-end=\"1134\">Tworz\u0119 przestrze\u0144 dla kobiet, kt\u00f3re s\u0105 zm\u0119czone wiecznym \u201eogarnianiem\u201d.<br data-start=\"968\" data-end=\"971\" \/>Kt\u00f3re chc\u0105 oddycha\u0107 g\u0142\u0119biej, rusza\u0107 si\u0119 z przyjemno\u015bci\u0105, a nie przymusem.<br data-start=\"1044\" data-end=\"1047\" \/>Kt\u00f3re chc\u0105 poczu\u0107 si\u0119 dobrze w swoim ciele \u2013 nie tylko fizycznie, ale te\u017c emocjonalnie.<\/p><p class=\"\" data-start=\"1136\" data-end=\"1292\">Na co dzie\u0144 prowadz\u0119 studio pilates, nagrywam \u0107wiczenia i tworz\u0119 tre\u015bci, kt\u00f3re pomagaj\u0105 wraca\u0107 do siebie:<br data-start=\"1241\" data-end=\"1244\" \/>do swojej si\u0142y, lekko\u015bci i wewn\u0119trznego spokoju.<\/p><h3 class=\"\" data-start=\"1294\" data-end=\"1311\">\u2728 Wierz\u0119, \u017ce:<\/h3><p class=\"\" data-start=\"1313\" data-end=\"1526\">\u2013 cia\u0142o to nie projekt \u2013 to dom,<br data-start=\"1345\" data-end=\"1348\" \/>\u2013 ruch mo\u017ce by\u0107 przyjemno\u015bci\u0105, a nie kar\u0105,<br data-start=\"1390\" data-end=\"1393\" \/>\u2013 mniej presji = wi\u0119cej prawdziwego \u017cycia,<br data-start=\"1435\" data-end=\"1438\" \/>\u2013 zas\u0142ugujesz na to, \u017ceby czu\u0107 si\u0119 dobrze \u2013 bez wzgl\u0119du na rozmiar, wag\u0119 czy etap \u017cycia.<\/p><p class=\"\" data-start=\"1533\" data-end=\"1668\"><strong data-start=\"1533\" data-end=\"1588\">Je\u015bli to z Tob\u0105 rezonuje \u2013 jeste\u015b w dobrym miejscu.<\/strong><br data-start=\"1588\" data-end=\"1591\" \/>Rozgo\u015b\u0107 si\u0119. We\u017a g\u0142\u0119boki oddech. I chod\u017a \u2013 krok po kroku \u2013 <em data-start=\"1650\" data-end=\"1668\">w stron\u0119 siebie.<\/em><\/p>\t\t\t\t\t\t\t\t<\/div>\n\t\t\t\t<\/div>\n\t\t\t\t<\/div>\n\t\t\t\t\t<\/div>\n\t\t\t\t<\/div>\n\t\t<div class=\"elementor-element elementor-element-529cde3 e-flex e-con-boxed e-con e-parent\" data-id=\"529cde3\" data-element_type=\"container\">\n\t\t\t\t\t<div class=\"e-con-inner\">\n\t\t\t\t<div class=\"elementor-element elementor-element-ce5407c elementor-shape-circle elementor-grid-0 e-grid-align-center elementor-widget elementor-widget-social-icons\" data-id=\"ce5407c\" data-element_type=\"widget\" data-widget_type=\"social-icons.default\">\n\t\t\t\t<div class=\"elementor-widget-container\">\n\t\t\t\t\t\t\t<div class=\"elementor-social-icons-wrapper elementor-grid\">\n\t\t\t\t\t\t\t<span class=\"elementor-grid-item\">\n\t\t\t\t\t<a class=\"elementor-icon elementor-social-icon elementor-social-icon-facebook elementor-animation-shrink elementor-repeater-item-012ebdc\" href=\"https:\/\/www.facebook.com\/people\/ikaainnaa\/100066643867055\/\" target=\"_blank\">\n\t\t\t\t\t\t<span class=\"elementor-screen-only\">Facebook<\/span>\n\t\t\t\t\t\t<svg class=\"e-font-icon-svg e-fab-facebook\" viewBox=\"0 0 512 512\" xmlns=\"http:\/\/www.w3.org\/2000\/svg\"><path d=\"M504 256C504 119 393 8 256 8S8 119 8 256c0 123.78 90.69 226.38 209.25 245V327.69h-63V256h63v-54.64c0-62.15 37-96.48 93.67-96.48 27.14 0 55.52 4.84 55.52 4.84v61h-31.28c-30.8 0-40.41 19.12-40.41 38.73V256h68.78l-11 71.69h-57.78V501C413.31 482.38 504 379.78 504 256z\"><\/path><\/svg>\t\t\t\t\t<\/a>\n\t\t\t\t<\/span>\n\t\t\t\t\t\t\t<span class=\"elementor-grid-item\">\n\t\t\t\t\t<a class=\"elementor-icon elementor-social-icon elementor-social-icon-youtube elementor-animation-shrink elementor-repeater-item-6e7ef4a\" href=\"https:\/\/www.youtube.com\/@IkaainnaaPIlATES\" target=\"_blank\">\n\t\t\t\t\t\t<span class=\"elementor-screen-only\">Youtube<\/span>\n\t\t\t\t\t\t<svg class=\"e-font-icon-svg e-fab-youtube\" viewBox=\"0 0 576 512\" xmlns=\"http:\/\/www.w3.org\/2000\/svg\"><path d=\"M549.655 124.083c-6.281-23.65-24.787-42.276-48.284-48.597C458.781 64 288 64 288 64S117.22 64 74.629 75.486c-23.497 6.322-42.003 24.947-48.284 48.597-11.412 42.867-11.412 132.305-11.412 132.305s0 89.438 11.412 132.305c6.281 23.65 24.787 41.5 48.284 47.821C117.22 448 288 448 288 448s170.78 0 213.371-11.486c23.497-6.321 42.003-24.171 48.284-47.821 11.412-42.867 11.412-132.305 11.412-132.305s0-89.438-11.412-132.305zm-317.51 213.508V175.185l142.739 81.205-142.739 81.201z\"><\/path><\/svg>\t\t\t\t\t<\/a>\n\t\t\t\t<\/span>\n\t\t\t\t\t\t\t<span class=\"elementor-grid-item\">\n\t\t\t\t\t<a class=\"elementor-icon elementor-social-icon elementor-social-icon-instagram elementor-animation-shrink elementor-repeater-item-f5ff55d\" href=\"https:\/\/www.instagram.com\/ikaainnaa\/\" target=\"_blank\">\n\t\t\t\t\t\t<span class=\"elementor-screen-only\">Instagram<\/span>\n\t\t\t\t\t\t<svg class=\"e-font-icon-svg e-fab-instagram\" viewBox=\"0 0 448 512\" xmlns=\"http:\/\/www.w3.org\/2000\/svg\"><path d=\"M224.1 141c-63.6 0-114.9 51.3-114.9 114.9s51.3 114.9 114.9 114.9S339 319.5 339 255.9 287.7 141 224.1 141zm0 189.6c-41.1 0-74.7-33.5-74.7-74.7s33.5-74.7 74.7-74.7 74.7 33.5 74.7 74.7-33.6 74.7-74.7 74.7zm146.4-194.3c0 14.9-12 26.8-26.8 26.8-14.9 0-26.8-12-26.8-26.8s12-26.8 26.8-26.8 26.8 12 26.8 26.8zm76.1 27.2c-1.7-35.9-9.9-67.7-36.2-93.9-26.2-26.2-58-34.4-93.9-36.2-37-2.1-147.9-2.1-184.9 0-35.8 1.7-67.6 9.9-93.9 36.1s-34.4 58-36.2 93.9c-2.1 37-2.1 147.9 0 184.9 1.7 35.9 9.9 67.7 36.2 93.9s58 34.4 93.9 36.2c37 2.1 147.9 2.1 184.9 0 35.9-1.7 67.7-9.9 93.9-36.2 26.2-26.2 34.4-58 36.2-93.9 2.1-37 2.1-147.8 0-184.8zM398.8 388c-7.8 19.6-22.9 34.7-42.6 42.6-29.5 11.7-99.5 9-132.1 9s-102.7 2.6-132.1-9c-19.6-7.8-34.7-22.9-42.6-42.6-11.7-29.5-9-99.5-9-132.1s-2.6-102.7 9-132.1c7.8-19.6 22.9-34.7 42.6-42.6 29.5-11.7 99.5-9 132.1-9s102.7-2.6 132.1 9c19.6 7.8 34.7 22.9 42.6 42.6 11.7 29.5 9 99.5 9 132.1s2.7 102.7-9 132.1z\"><\/path><\/svg>\t\t\t\t\t<\/a>\n\t\t\t\t<\/span>\n\t\t\t\t\t<\/div>\n\t\t\t\t\t\t<\/div>\n\t\t\t\t<\/div>\n\t\t\t\t\t<\/div>\n\t\t\t\t<\/div>\n\t\t<div class=\"elementor-element elementor-element-368d059 e-flex e-con-boxed e-con e-parent\" data-id=\"368d059\" data-element_type=\"container\">\n\t\t\t\t\t<div class=\"e-con-inner\">\n\t\t\t\t<div class=\"elementor-element elementor-element-a589776 elementor-widget elementor-widget-sitemap\" data-id=\"a589776\" data-element_type=\"widget\" data-widget_type=\"sitemap.default\">\n\t\t\t\t<div class=\"elementor-widget-container\">\n\t\t\t\t\t<div class=\"elementor-sitemap-wrap\"><div class=\"elementor-sitemap-section\"><h2 class=\"elementor-sitemap-title elementor-sitemap-page-title\">Strony<\/h2><ul class=\"elementor-sitemap-list elementor-sitemap-page-list\"><li class=\"elementor-sitemap-item elementor-sitemap-item-page page_item page-item-422\"><a href=\"https:\/\/ikaainnaa.pl\/?page_id=422\">Polityka plik\u00f3w cookies (EU)<\/a><\/li><li class=\"elementor-sitemap-item elementor-sitemap-item-page page_item page-item-358\"><a href=\"https:\/\/ikaainnaa.pl\/?page_id=358\">Polityka prywatno\u015bci<\/a><\/li><li class=\"elementor-sitemap-item elementor-sitemap-item-page page_item page-item-351\"><a href=\"https:\/\/ikaainnaa.pl\/?page_id=351\">Regulamin<\/a><\/li><li class=\"elementor-sitemap-item elementor-sitemap-item-page page_item page-item-132\"><a href=\"https:\/\/ikaainnaa.pl\/?page_id=132\">Kontakt<\/a><\/li><\/ul><\/div><\/div>\t\t\t\t<\/div>\n\t\t\t\t<\/div>\n\t\t\t\t\t<\/div>\n\t\t\t\t<\/div>\n\t\t\t\t<\/div>\n\t\t","protected":false},"excerpt":{"rendered":"<p>\u00a0 Moja droga nie by\u0142a prosta. Przez lata traktowa\u0142am cia\u0142o jak projekt do udoskonalenia. Zna\u0142am dyscyplin\u0119, zna\u0142am presj\u0119. Wiedzia\u0142am, jak \u201etrzyma\u0107 form\u0119\u201d \u2013 ale nie wiedzia\u0142am, jak si\u0119 z sob\u0105 naprawd\u0119 zaprzyja\u017ani\u0107. Dzi\u015b wszystko, co robi\u0119, p\u0142ynie z innego miejsca.Nie z potrzeby kontroli \u2013 ale z czu\u0142o\u015bci.Nie z presji \u2013 ale z pragnienia prawdziwej obecno\u015bci. [&hellip;]<\/p>\n","protected":false},"author":1,"featured_media":0,"parent":0,"menu_order":0,"comment_status":"closed","ping_status":"closed","template":"elementor_canvas","meta":{"footnotes":""},"class_list":["post-111","page","type-page","status-publish","hentry"],"jetpack_sharing_enabled":true,"_links":{"self":[{"href":"https:\/\/ikaainnaa.pl\/index.php?rest_route=\/wp\/v2\/pages\/111","targetHints":{"allow":["GET"]}}],"collection":[{"href":"https:\/\/ikaainnaa.pl\/index.php?rest_route=\/wp\/v2\/pages"}],"about":[{"href":"https:\/\/ikaainnaa.pl\/index.php?rest_route=\/wp\/v2\/types\/page"}],"author":[{"embeddable":true,"href":"https:\/\/ikaainnaa.pl\/index.php?rest_route=\/wp\/v2\/users\/1"}],"replies":[{"embeddable":true,"href":"https:\/\/ikaainnaa.pl\/index.php?rest_route=%2Fwp%2Fv2%2Fcomments&post=111"}],"version-history":[{"count":30,"href":"https:\/\/ikaainnaa.pl\/index.php?rest_route=\/wp\/v2\/pages\/111\/revisions"}],"predecessor-version":[{"id":405,"href":"https:\/\/ikaainnaa.pl\/index.php?rest_route=\/wp\/v2\/pages\/111\/revisions\/405"}],"wp:attachment":[{"href":"https:\/\/ikaainnaa.pl\/index.php?rest_route=%2Fwp%2Fv2%2Fmedia&parent=111"}],"curies":[{"name":"wp","href":"https:\/\/api.w.org\/{rel}","templated":true}]}}